{"id":461,"date":"2022-10-21T09:25:26","date_gmt":"2022-10-21T09:25:26","guid":{"rendered":"https:\/\/zentripeta.com\/nagusia\/"},"modified":"2022-10-26T19:20:24","modified_gmt":"2022-10-26T19:20:24","slug":"nagusia","status":"publish","type":"page","link":"https:\/\/zentripeta.com\/eu\/nagusia\/","title":{"rendered":"Nagusia"},"content":{"rendered":"<p>[et_pb_section fb_built=&#8221;1&#8243; _builder_version=&#8221;4.18.0&#8243; _module_preset=&#8221;default&#8221; background_color=&#8221;#3C3C3B&#8221; background_enable_image=&#8221;off&#8221; background_position=&#8221;bottom_left&#8221; custom_padding=&#8221;0px||0px||false|false&#8221; global_colors_info=&#8221;{}&#8221;][et_pb_row column_structure=&#8221;1_2,1_2&#8243; make_equal=&#8221;on&#8221; _builder_version=&#8221;4.18.0&#8243; _module_preset=&#8221;default&#8221; global_colors_info=&#8221;{}&#8221;][et_pb_column type=&#8221;1_2&#8243; module_class=&#8221;aaaaaaaaa&#8221; _builder_version=&#8221;4.18.0&#8243; _module_preset=&#8221;default&#8221; custom_css_main_element=&#8221;display: -webkit-box;||display: -ms-flexbox;||display: flex; -webkit-box-orient: vertical; -webkit-box-direction: normal; -ms-flex-direction: column; flex-direction: column; -webkit-box-pack: center; -ms-flex-pack: center; justify-content: center;&#8221; global_colors_info=&#8221;{}&#8221;][et_pb_text _builder_version=&#8221;4.18.0&#8243; _module_preset=&#8221;default&#8221; text_font=&#8221;|300|||||||&#8221; text_text_color=&#8221;#FFFFFF&#8221; text_font_size=&#8221;19px&#8221; text_line_height=&#8221;1.4em&#8221; header_font=&#8221;|700|||||||&#8221; header_text_color=&#8221;#FFFFFF&#8221; header_font_size=&#8221;69px&#8221; animation_style=&#8221;fade&#8221; animation_direction=&#8221;right&#8221; custom_css_main_element=&#8221;max-width:435px;&#8221; global_colors_info=&#8221;{}&#8221;]<\/p>\n<h1>Aholkularitza<br \/>estrategikoa<\/h1>\n<p style=\"margin-top: 14px;\">Aholkularitza ekonomia zirkularrean, turismoan, kosmetika naturalean eta berdintasunean.<\/p>\n<p>[\/et_pb_text][\/et_pb_column][et_pb_column type=&#8221;1_2&#8243; _builder_version=&#8221;4.18.0&#8243; _module_preset=&#8221;default&#8221; global_colors_info=&#8221;{}&#8221;][et_pb_code _builder_version=&#8221;4.18.0&#8243; _module_preset=&#8221;default&#8221; global_colors_info=&#8221;{}&#8221;]<\/p>\n<div class=\"sldrDkntzB\"><!-- [et_pb_line_break_holder] -->\t<\/p>\n<div class=\"sldrKrrt sldrKrrt_01\"><\/div>\n<p><!-- [et_pb_line_break_holder] -->\t<\/p>\n<div class=\"sldrKrrt sldrKrrt_02\"><img decoding=\"async\" src=\"\/bitartekoak\/irudiak\/slider\/sliderKarratua.02.jpg\"><\/div>\n<p><!-- [et_pb_line_break_holder] -->\t<\/p>\n<div class=\"sldrKrrt sldrKrrt_03\"><img decoding=\"async\" src=\"\/bitartekoak\/irudiak\/slider\/sliderKarratua.03.jpg\"><\/div>\n<p><!-- [et_pb_line_break_holder] -->\t<\/p>\n<div class=\"sldrKrrt sldrKrrt_04\"><\/div>\n<p><!-- [et_pb_line_break_holder] -->\t<\/p>\n<div class=\"sldrKrrt sldrKrrt_05\"><\/div>\n<p><!-- [et_pb_line_break_holder] -->\t<\/p>\n<div class=\"sldrKrrt sldrKrrt_06\"><\/div>\n<p><!-- [et_pb_line_break_holder] -->\t<\/p>\n<div class=\"sldrKrrt sldrKrrt_07\"><\/div>\n<p><!-- [et_pb_line_break_holder] -->\t<\/p>\n<div class=\"sldrKrrt sldrKrrt_08\"><img decoding=\"async\" src=\"\/bitartekoak\/irudiak\/slider\/sliderKarratua.08.jpg\"><\/div>\n<p><!-- [et_pb_line_break_holder] -->\t<\/p>\n<div class=\"sldrKrrt sldrKrrt_09\"><img decoding=\"async\" src=\"\/bitartekoak\/irudiak\/slider\/sliderKarratua.09.jpg\"><\/div>\n<p><!-- [et_pb_line_break_holder] -->\t<\/p>\n<div class=\"sldrKrrt sldrKrrt_10\"><\/div>\n<p><!-- [et_pb_line_break_holder] -->\t<\/p>\n<div class=\"sldrKrrt_11\"><img decoding=\"async\" src=\"\/bitartekoak\/irudiak\/slider\/kerizpeBorobila_xl_2.jpg\"><\/div>\n<p><!-- [et_pb_line_break_holder] --><\/div>\n<p>[\/et_pb_code][\/et_pb_column][\/et_pb_row][\/et_pb_section][et_pb_section fb_built=&#8221;1&#8243; module_class=&#8221;KurbaBeltza&#8221; _builder_version=&#8221;4.18.0&#8243; _module_preset=&#8221;default&#8221; background_image=&#8221;https:\/\/zentripeta.com\/bitartekoak\/osagarriak\/mediak\/2022\/10\/kerizpeaKurbanBlack.2560.svg&#8221; background_size=&#8221;contain&#8221; background_position=&#8221;top_left&#8221; custom_margin=&#8221;||||false|false&#8221; global_colors_info=&#8221;{}&#8221;][et_pb_row column_structure=&#8221;1_3,1_3,1_3&#8243; _builder_version=&#8221;4.18.0&#8243; _module_preset=&#8221;default&#8221; custom_padding=&#8221;140px||55px||false|false&#8221; global_colors_info=&#8221;{}&#8221;][et_pb_column type=&#8221;1_3&#8243; _builder_version=&#8221;4.18.0&#8243; _module_preset=&#8221;default&#8221; global_colors_info=&#8221;{}&#8221;][et_pb_text _builder_version=&#8221;4.18.0&#8243; _module_preset=&#8221;default&#8221; text_font=&#8221;|300|||||||&#8221; text_font_size=&#8221;16px&#8221; header_font=&#8221;|700|||||||&#8221; header_font_size=&#8221;19px&#8221; header_line_height=&#8221;1.4em&#8221; global_colors_info=&#8221;{}&#8221;]<\/p>\n<h1>Zentr\u00edpeta<\/h1>\n<p>Zentr\u00edpeta es esa fuerza circular hac\u00eda el n\u00facleo, el origen, el objetivo, cada vez m\u00e1s lenta, m\u00e1s cerca, pero no llega al colapso porque toma el concepto Zen, aportando el equilibrio que el planeta necesita de nuestra convivencia con \u00e9l, alej\u00e1ndonos de esa fuerza centr\u00edfuga, cada vez m\u00e1s r\u00e1pida y lejos de los l\u00edmites de la Tierra.<\/p>\n<p>Este concepto de quietud hacia lo importante es la esencia de la consultor\u00eda estrat\u00e9gia de Zentr\u00edpeta SLU. Basada en la ingenier\u00eda de procesos y en la l\u00f3gica de la ingenier\u00eda qu\u00edmica, elimina el ruido de fondo para potenciar lo importante desde la sostenibilidad multidimensional.<\/p>\n<p>Zentr\u00edpeta SLU trabaja para pymes en programas de competitividad y para la ciudadan\u00eda en programas de divulgaci\u00f3n cient\u00edfica y formaci\u00f3n.<\/p>\n<p>[\/et_pb_text][\/et_pb_column][et_pb_column type=&#8221;1_3&#8243; _builder_version=&#8221;4.18.0&#8243; _module_preset=&#8221;default&#8221; global_colors_info=&#8221;{}&#8221;][et_pb_button button_url=&#8221;@ET-DC@eyJkeW5hbWljIjp0cnVlLCJjb250ZW50IjoicG9zdF9saW5rX3VybF9wYWdlIiwic2V0dGluZ3MiOnsicG9zdF9pZCI6IjI2MiJ9fQ==@&#8221; button_text=&#8221;Econom\u00eda circular&#8221; module_class=&#8221;economiaCircular&#8221; _builder_version=&#8221;4.18.0&#8243; _dynamic_attributes=&#8221;button_url&#8221; _module_preset=&#8221;default&#8221; custom_button=&#8221;on&#8221; button_text_size=&#8221;26px&#8221; button_text_color=&#8221;#3C3C3B&#8221; button_bg_image=&#8221;https:\/\/zentripeta.com\/bitartekoak\/osagarriak\/mediak\/2022\/10\/economiaCircular.svg&#8221; button_border_width=&#8221;1px&#8221; button_border_color=&#8221;#3C3C3B&#8221; button_font=&#8221;Bodoni Moda||||||||&#8221; custom_padding=&#8221;30px|60px|30px|115px|false|false&#8221; button_bg_color_last_edited=&#8221;off|desktop&#8221; custom_css_main_element=&#8221;background-size: auto 80% !important;||background-position: 25px 50% !important;||width: 100%;&#8221; box_shadow_style=&#8221;preset2&#8243; box_shadow_color=&#8221;rgba(0,0,0,0.1)&#8221; global_colors_info=&#8221;{}&#8221; button_bg_color__hover_enabled=&#8221;off|desktop&#8221;][\/et_pb_button][et_pb_button button_url=&#8221;@ET-DC@eyJkeW5hbWljIjp0cnVlLCJjb250ZW50IjoicG9zdF9saW5rX3VybF9wYWdlIiwic2V0dGluZ3MiOnsicG9zdF9pZCI6IjI2MiJ9fQ==@&#8221; button_text=&#8221;Turismo&#8221; module_class=&#8221;economiaCircular&#8221; _builder_version=&#8221;4.18.0&#8243; _dynamic_attributes=&#8221;button_url&#8221; _module_preset=&#8221;default&#8221; custom_button=&#8221;on&#8221; button_text_size=&#8221;26px&#8221; button_text_color=&#8221;#3C3C3B&#8221; button_bg_image=&#8221;https:\/\/zentripeta.com\/bitartekoak\/osagarriak\/mediak\/2022\/10\/turismo.svg&#8221; button_border_width=&#8221;1px&#8221; button_border_color=&#8221;#3C3C3B&#8221; button_font=&#8221;Bodoni Moda||||||||&#8221; custom_padding=&#8221;30px|60px|30px|115px|false|false&#8221; custom_css_main_element=&#8221;background-size: auto 70% !important;||background-position: 25px 50% !important;||width: 100%;&#8221; box_shadow_style=&#8221;preset2&#8243; box_shadow_color=&#8221;rgba(0,0,0,0.1)&#8221; global_colors_info=&#8221;{}&#8221;][\/et_pb_button][et_pb_button button_url=&#8221;@ET-DC@eyJkeW5hbWljIjp0cnVlLCJjb250ZW50IjoicG9zdF9saW5rX3VybF9wYWdlIiwic2V0dGluZ3MiOnsicG9zdF9pZCI6IjI2MiJ9fQ==@&#8221; button_text=&#8221;Cosm\u00e9tica natural&#8221; module_class=&#8221;economiaCircular&#8221; _builder_version=&#8221;4.18.0&#8243; _dynamic_attributes=&#8221;button_url&#8221; _module_preset=&#8221;default&#8221; custom_button=&#8221;on&#8221; button_text_size=&#8221;26px&#8221; button_text_color=&#8221;#3C3C3B&#8221; button_bg_image=&#8221;https:\/\/zentripeta.com\/bitartekoak\/osagarriak\/mediak\/2022\/10\/cosmeticaNatural.svg&#8221; button_border_width=&#8221;1px&#8221; button_border_color=&#8221;#3C3C3B&#8221; button_font=&#8221;Bodoni Moda||||||||&#8221; custom_padding=&#8221;30px|60px|30px|115px|false|false&#8221; custom_css_main_element=&#8221;background-size: auto 65% !important;||background-position: 27px 50% !important;||width: 100%;&#8221; box_shadow_style=&#8221;preset2&#8243; box_shadow_color=&#8221;rgba(0,0,0,0.1)&#8221; global_colors_info=&#8221;{}&#8221;][\/et_pb_button][\/et_pb_column][et_pb_column type=&#8221;1_3&#8243; _builder_version=&#8221;4.18.0&#8243; _module_preset=&#8221;default&#8221; global_colors_info=&#8221;{}&#8221;][et_pb_button button_url=&#8221;@ET-DC@eyJkeW5hbWljIjp0cnVlLCJjb250ZW50IjoicG9zdF9saW5rX3VybF9wYWdlIiwic2V0dGluZ3MiOnsicG9zdF9pZCI6IjI2MiJ9fQ==@&#8221; button_text=&#8221;Ecoturismo&#8221; module_class=&#8221;economiaCircular&#8221; _builder_version=&#8221;4.18.0&#8243; _dynamic_attributes=&#8221;button_url&#8221; _module_preset=&#8221;default&#8221; custom_button=&#8221;on&#8221; button_text_size=&#8221;26px&#8221; button_text_color=&#8221;#3C3C3B&#8221; button_bg_image=&#8221;https:\/\/zentripeta.com\/bitartekoak\/osagarriak\/mediak\/2022\/10\/ecoTurismo-1.svg&#8221; button_border_width=&#8221;1px&#8221; button_border_color=&#8221;#3C3C3B&#8221; button_font=&#8221;Bodoni Moda||||||||&#8221; custom_padding=&#8221;30px|60px|30px|115px|false|false&#8221; custom_css_main_element=&#8221;background-size: auto 65% !important;||background-position: 22px 50% !important;||width: 100%;&#8221; box_shadow_style=&#8221;preset2&#8243; box_shadow_color=&#8221;rgba(0,0,0,0.1)&#8221; global_colors_info=&#8221;{}&#8221;][\/et_pb_button][et_pb_button button_url=&#8221;@ET-DC@eyJkeW5hbWljIjp0cnVlLCJjb250ZW50IjoicG9zdF9saW5rX3VybF9wYWdlIiwic2V0dGluZ3MiOnsicG9zdF9pZCI6IjI2MiJ9fQ==@&#8221; button_text=&#8221;Trae tu neceser&#8221; module_class=&#8221;economiaCircular&#8221; _builder_version=&#8221;4.18.0&#8243; _dynamic_attributes=&#8221;button_url&#8221; _module_preset=&#8221;default&#8221; custom_button=&#8221;on&#8221; button_text_size=&#8221;26px&#8221; button_text_color=&#8221;#3C3C3B&#8221; button_bg_image=&#8221;https:\/\/zentripeta.com\/bitartekoak\/osagarriak\/mediak\/2022\/10\/traeTuNeceser.svg&#8221; button_border_width=&#8221;1px&#8221; button_border_color=&#8221;#3C3C3B&#8221; button_font=&#8221;Bodoni Moda||||||||&#8221; custom_padding=&#8221;30px|60px|30px|115px|false|false&#8221; custom_css_main_element=&#8221;background-size: auto 60% !important;||background-position: 27px 50% !important;||width: 100%;&#8221; box_shadow_style=&#8221;preset2&#8243; box_shadow_color=&#8221;rgba(0,0,0,0.1)&#8221; global_colors_info=&#8221;{}&#8221;][\/et_pb_button][et_pb_button button_url=&#8221;@ET-DC@eyJkeW5hbWljIjp0cnVlLCJjb250ZW50IjoicG9zdF9saW5rX3VybF9wYWdlIiwic2V0dGluZ3MiOnsicG9zdF9pZCI6IjI2MiJ9fQ==@&#8221; button_text=&#8221;innovaci\u00f3n docente&#8221; module_class=&#8221;economiaCircular&#8221; _builder_version=&#8221;4.18.0&#8243; _dynamic_attributes=&#8221;button_url&#8221; _module_preset=&#8221;default&#8221; custom_button=&#8221;on&#8221; button_text_size=&#8221;26px&#8221; button_text_color=&#8221;#3C3C3B&#8221; button_bg_image=&#8221;https:\/\/zentripeta.com\/bitartekoak\/osagarriak\/mediak\/2022\/10\/innovacionDocente.svg&#8221; button_border_width=&#8221;1px&#8221; button_border_color=&#8221;#3C3C3B&#8221; button_font=&#8221;Bodoni Moda||||||||&#8221; custom_padding=&#8221;30px|60px|30px|115px|false|false&#8221; custom_css_main_element=&#8221;background-size: auto 65% !important;||background-position: 25px 50% !important;||width: 100%;&#8221; box_shadow_style=&#8221;preset2&#8243; box_shadow_color=&#8221;rgba(0,0,0,0.1)&#8221; global_colors_info=&#8221;{}&#8221;][\/et_pb_button][\/et_pb_column][\/et_pb_row][\/et_pb_section][et_pb_section fb_built=&#8221;1&#8243; _builder_version=&#8221;4.18.0&#8243; _module_preset=&#8221;default&#8221; global_colors_info=&#8221;{}&#8221;][et_pb_row _builder_version=&#8221;4.18.0&#8243; _module_preset=&#8221;default&#8221; background_image=&#8221;https:\/\/zentripeta.com\/bitartekoak\/osagarriak\/mediak\/2022\/10\/kerizpea.1450.jpg&#8221; background_size=&#8221;contain&#8221; background_position=&#8221;top_left&#8221; custom_padding=&#8221;175px|||||&#8221; global_colors_info=&#8221;{}&#8221;][et_pb_column type=&#8221;4_4&#8243; _builder_version=&#8221;4.18.0&#8243; _module_preset=&#8221;default&#8221; global_colors_info=&#8221;{}&#8221;][et_pb_blog include_categories=&#8221;all&#8221; show_author=&#8221;off&#8221; show_date=&#8221;off&#8221; module_class=&#8221;agoraHomeModulua&#8221; _builder_version=&#8221;4.18.0&#8243; _module_preset=&#8221;default&#8221; body_font=&#8221;|300|||||||&#8221; body_text_color=&#8221;#3C3C3B&#8221; body_font_size=&#8221;16px&#8221; hover_enabled=&#8221;0&#8243; global_colors_info=&#8221;{}&#8221; custom_css_pagenavi__hover_enabled=&#8221;off|desktop&#8221; sticky_enabled=&#8221;0&#8243;][\/et_pb_blog][\/et_pb_column][\/et_pb_row][et_pb_row _builder_version=&#8221;4.18.0&#8243; _module_preset=&#8221;default&#8221; global_colors_info=&#8221;{}&#8221;][et_pb_column type=&#8221;4_4&#8243; module_class=&#8221;bezeroenZerrenda&#8221; _builder_version=&#8221;4.18.0&#8243; _module_preset=&#8221;default&#8221; global_colors_info=&#8221;{}&#8221;][et_pb_image src=&#8221;https:\/\/zentripeta.com\/bitartekoak\/osagarriak\/mediak\/2022\/10\/UniversidadDeDeusto.svg&#8221; alt=&#8221;Universidad De Deusto&#8221; title_text=&#8221;Universidad De Deusto&#8221; _builder_version=&#8221;4.18.0&#8243; _module_preset=&#8221;default&#8221; height=&#8221;70px&#8221; custom_margin=&#8221;||0px||false|false&#8221; global_colors_info=&#8221;{}&#8221;][\/et_pb_image][et_pb_image src=&#8221;https:\/\/zentripeta.com\/bitartekoak\/osagarriak\/mediak\/2022\/10\/Harrobia.svg&#8221; alt=&#8221;Universidad De Deusto&#8221; title_text=&#8221;Harrobia&#8221; _builder_version=&#8221;4.18.0&#8243; _module_preset=&#8221;default&#8221; height=&#8221;70px&#8221; custom_margin=&#8221;||0px||false|false&#8221; global_colors_info=&#8221;{}&#8221;][\/et_pb_image][et_pb_image src=&#8221;https:\/\/zentripeta.com\/bitartekoak\/osagarriak\/mediak\/2022\/10\/Hazi.svg&#8221; alt=&#8221;Universidad De Deusto&#8221; title_text=&#8221;Hazi&#8221; _builder_version=&#8221;4.18.0&#8243; _module_preset=&#8221;default&#8221; height=&#8221;70px&#8221; custom_margin=&#8221;||0px||false|false&#8221; global_colors_info=&#8221;{}&#8221;][\/et_pb_image][et_pb_image src=&#8221;https:\/\/zentripeta.com\/bitartekoak\/osagarriak\/mediak\/2022\/10\/Abadino.svg&#8221; alt=&#8221;Universidad De Deusto&#8221; title_text=&#8221;Abadino&#8221; _builder_version=&#8221;4.18.0&#8243; _module_preset=&#8221;default&#8221; height=&#8221;70px&#8221; custom_margin=&#8221;||0px||false|false&#8221; global_colors_info=&#8221;{}&#8221;][\/et_pb_image][et_pb_image src=&#8221;https:\/\/zentripeta.com\/bitartekoak\/osagarriak\/mediak\/2022\/10\/Leioa.svg&#8221; alt=&#8221;Universidad De Deusto&#8221; title_text=&#8221;Leioa&#8221; _builder_version=&#8221;4.18.0&#8243; _module_preset=&#8221;default&#8221; height=&#8221;70px&#8221; custom_margin=&#8221;||0px||false|false&#8221; global_colors_info=&#8221;{}&#8221;][\/et_pb_image][et_pb_image src=&#8221;https:\/\/zentripeta.com\/bitartekoak\/osagarriak\/mediak\/2022\/10\/urkiolaLandaGarapena.svg&#8221; alt=&#8221;Universidad De Deusto&#8221; title_text=&#8221;urkiolaLandaGarapena&#8221; _builder_version=&#8221;4.18.0&#8243; _module_preset=&#8221;default&#8221; height=&#8221;70px&#8221; custom_margin=&#8221;||0px||false|false&#8221; global_colors_info=&#8221;{}&#8221;][\/et_pb_image][et_pb_image src=&#8221;https:\/\/zentripeta.com\/bitartekoak\/osagarriak\/mediak\/2022\/10\/urrimendiLandaGarapena.svg&#8221; alt=&#8221;Universidad De Deusto&#8221; title_text=&#8221;urrimendiLandaGarapena&#8221; _builder_version=&#8221;4.18.0&#8243; _module_preset=&#8221;default&#8221; height=&#8221;70px&#8221; custom_margin=&#8221;||0px||false|false&#8221; global_colors_info=&#8221;{}&#8221;][\/et_pb_image][et_pb_image src=&#8221;https:\/\/zentripeta.com\/bitartekoak\/osagarriak\/mediak\/2022\/10\/jataondoLandaGarapena.svg&#8221; alt=&#8221;Universidad De Deusto&#8221; title_text=&#8221;jataondoLandaGarapena&#8221; _builder_version=&#8221;4.18.0&#8243; _module_preset=&#8221;default&#8221; height=&#8221;70px&#8221; custom_margin=&#8221;||0px||false|false&#8221; global_colors_info=&#8221;{}&#8221;][\/et_pb_image][\/et_pb_column][\/et_pb_row][\/et_pb_section]<\/p>\n","protected":false},"excerpt":{"rendered":"<p>Aholkularitzaestrategikoa Aholkularitza ekonomia zirkularrean, turismoan, kosmetika naturalean eta berdintasunean.Zentr\u00edpeta Zentr\u00edpeta es esa fuerza circular hac\u00eda el n\u00facleo, el origen, el objetivo, cada vez m\u00e1s lenta, m\u00e1s cerca, pero no llega al colapso porque toma el concepto Zen, aportando el equilibrio que el planeta necesita de nuestra convivencia con \u00e9l, alej\u00e1ndonos de esa fuerza centr\u00edfuga, cada [&hellip;]<\/p>\n","protected":false},"author":1,"featured_media":0,"parent":0,"menu_order":0,"comment_status":"closed","ping_status":"closed","template":"","meta":{"_et_pb_use_builder":"on","_et_pb_old_content":"","_et_gb_content_width":"","footnotes":""},"class_list":["post-461","page","type-page","status-publish","hentry"],"_links":{"self":[{"href":"https:\/\/zentripeta.com\/eu\/wp-json\/wp\/v2\/pages\/461","targetHints":{"allow":["GET"]}}],"collection":[{"href":"https:\/\/zentripeta.com\/eu\/wp-json\/wp\/v2\/pages"}],"about":[{"href":"https:\/\/zentripeta.com\/eu\/wp-json\/wp\/v2\/types\/page"}],"author":[{"embeddable":true,"href":"https:\/\/zentripeta.com\/eu\/wp-json\/wp\/v2\/users\/1"}],"replies":[{"embeddable":true,"href":"https:\/\/zentripeta.com\/eu\/wp-json\/wp\/v2\/comments?post=461"}],"version-history":[{"count":1,"href":"https:\/\/zentripeta.com\/eu\/wp-json\/wp\/v2\/pages\/461\/revisions"}],"predecessor-version":[{"id":466,"href":"https:\/\/zentripeta.com\/eu\/wp-json\/wp\/v2\/pages\/461\/revisions\/466"}],"wp:attachment":[{"href":"https:\/\/zentripeta.com\/eu\/wp-json\/wp\/v2\/media?parent=461"}],"curies":[{"name":"wp","href":"https:\/\/api.w.org\/{rel}","templated":true}]}}